{"id":2,"date":"2022-02-23T16:21:33","date_gmt":"2022-02-23T15:21:33","guid":{"rendered":"http:\/\/architecturespagnolo.com\/repertoire\/?page_id=2"},"modified":"2026-01-06T17:56:24","modified_gmt":"2026-01-06T16:56:24","slug":"page-d-exemple","status":"publish","type":"page","link":"http:\/\/architecturespagnolo.com\/repertoire\/","title":{"rendered":""},"content":{"rendered":"\n<figure class=\"wp-block-image aligncenter size-large is-resized\"><img loading=\"lazy\" decoding=\"async\" width=\"1024\" height=\"724\" src=\"http:\/\/architecturespagnolo.com\/repertoire\/wp-content\/uploads\/2022\/02\/A2S-Logo-1024x724.png\" alt=\"\" class=\"wp-image-50\" style=\"width:500px\" srcset=\"http:\/\/architecturespagnolo.com\/repertoire\/wp-content\/uploads\/2022\/02\/A2S-Logo-1024x724.png 1024w, http:\/\/architecturespagnolo.com\/repertoire\/wp-content\/uploads\/2022\/02\/A2S-Logo-300x212.png 300w, http:\/\/architecturespagnolo.com\/repertoire\/wp-content\/uploads\/2022\/02\/A2S-Logo-768x543.png 768w, http:\/\/architecturespagnolo.com\/repertoire\/wp-content\/uploads\/2022\/02\/A2S-Logo-1536x1086.png 1536w, http:\/\/architecturespagnolo.com\/repertoire\/wp-content\/uploads\/2022\/02\/A2S-Logo-2048x1448.png 2048w\" sizes=\"auto, (max-width: 1024px) 100vw, 1024px\" \/><\/figure>\n\n\n\n<p class=\"has-text-align-center\"><font dir=\"auto\" style=\"vertical-align: inherit;\"><font dir=\"auto\" style=\"vertical-align: inherit;\">L&#8217;agence d&#8217;Architecture SPAGNOLO (A2S), situ\u00e9e \u00e0 Cagnes sur Mer, est une \u00e9quipe pluridisciplinaire compos\u00e9e d&#8217;Architectes, Ing\u00e9nieurs, Economistes, Dessinateurs et Gestionnaires<\/font><\/font><\/p>\n\n\n\n<p class=\"has-text-align-center\">Le Mot de l\u2019Agence&nbsp;:&nbsp; \u00abNotre m\u00e9tier sur la c\u00f4te d\u2019Azur est celui d\u2019hommes et de femmes de terrain. Notre Expression Architecturale est assujettie \u00e0 diverses contraintes \u00e9conomiques, topographiques et administratives qui viennent brider notre sensibilit\u00e9 architecturale contemporaine. Le r\u00eave et la pers\u00e9v\u00e9rance sont notre foi en l\u2019architecture et le moteur de notre esp\u00e9rance \u00e0 venir&nbsp;\u00bb<\/p>\n\n\n\n<hr class=\"wp-block-separator has-css-opacity is-style-wide\"\/>\n\n\n\n<div style=\"height:55px\" aria-hidden=\"true\" class=\"wp-block-spacer\"><\/div>\n\n\n\n<div class=\"wp-block-group alignfull has-background is-layout-flow wp-block-group-is-layout-flow\" style=\"background-color:#e5e9ec\">\n<div class=\"wp-block-columns is-layout-flex wp-container-core-columns-is-layout-28f84493 wp-block-columns-is-layout-flex\">\n<div class=\"wp-block-column is-vertically-aligned-center is-layout-flow wp-block-column-is-layout-flow\">\n<h2 class=\"wp-block-heading has-text-align-right\">Projets Livr\u00e9s<\/h2>\n\n\n\n<p><\/p>\n\n\n\n<div class=\"wp-block-buttons is-horizontal is-content-justification-right is-layout-flex wp-container-core-buttons-is-layout-30af2ff6 wp-block-buttons-is-layout-flex\">\n<div class=\"wp-block-button is-style-outline is-style-outline--1\"><a class=\"wp-block-button__link wp-element-button\" href=\"http:\/\/architecturespagnolo.com\/repertoire\/index.php\/projets-livres\/\"><strong>Projets<\/strong><\/a><\/div>\n<\/div>\n\n\n\n<p><\/p>\n<\/div>\n\n\n\n<div class=\"wp-block-column is-vertically-aligned-center is-layout-flow wp-block-column-is-layout-flow\">\n<figure class=\"wp-block-image size-large\"><img loading=\"lazy\" decoding=\"async\" width=\"1024\" height=\"703\" src=\"http:\/\/architecturespagnolo.com\/repertoire\/wp-content\/uploads\/2022\/02\/Projets-livres-1024x703.jpg\" alt=\"\" class=\"wp-image-230\" srcset=\"http:\/\/architecturespagnolo.com\/repertoire\/wp-content\/uploads\/2022\/02\/Projets-livres-1024x703.jpg 1024w, http:\/\/architecturespagnolo.com\/repertoire\/wp-content\/uploads\/2022\/02\/Projets-livres-300x206.jpg 300w, http:\/\/architecturespagnolo.com\/repertoire\/wp-content\/uploads\/2022\/02\/Projets-livres-768x527.jpg 768w, http:\/\/architecturespagnolo.com\/repertoire\/wp-content\/uploads\/2022\/02\/Projets-livres-1536x1054.jpg 1536w, http:\/\/architecturespagnolo.com\/repertoire\/wp-content\/uploads\/2022\/02\/Projets-livres-2048x1405.jpg 2048w, http:\/\/architecturespagnolo.com\/repertoire\/wp-content\/uploads\/2022\/02\/Projets-livres-2000x1372.jpg 2000w\" sizes=\"auto, (max-width: 1024px) 100vw, 1024px\" \/><\/figure>\n<\/div>\n<\/div>\n<\/div>\n\n\n\n<div class=\"wp-block-group alignfull is-layout-flow wp-block-group-is-layout-flow\">\n<div class=\"wp-block-columns is-layout-flex wp-container-core-columns-is-layout-28f84493 wp-block-columns-is-layout-flex\">\n<div class=\"wp-block-column is-vertically-aligned-center is-layout-flow wp-block-column-is-layout-flow\">\n<figure class=\"wp-block-image alignright size-large\"><img loading=\"lazy\" decoding=\"async\" width=\"1024\" height=\"731\" src=\"http:\/\/architecturespagnolo.com\/repertoire\/wp-content\/uploads\/2022\/02\/Projets-en-cours-1024x731.jpg\" alt=\"\" class=\"wp-image-233\" srcset=\"http:\/\/architecturespagnolo.com\/repertoire\/wp-content\/uploads\/2022\/02\/Projets-en-cours-1024x731.jpg 1024w, http:\/\/architecturespagnolo.com\/repertoire\/wp-content\/uploads\/2022\/02\/Projets-en-cours-300x214.jpg 300w, http:\/\/architecturespagnolo.com\/repertoire\/wp-content\/uploads\/2022\/02\/Projets-en-cours-768x549.jpg 768w, http:\/\/architecturespagnolo.com\/repertoire\/wp-content\/uploads\/2022\/02\/Projets-en-cours-1536x1097.jpg 1536w, http:\/\/architecturespagnolo.com\/repertoire\/wp-content\/uploads\/2022\/02\/Projets-en-cours-2048x1463.jpg 2048w, http:\/\/architecturespagnolo.com\/repertoire\/wp-content\/uploads\/2022\/02\/Projets-en-cours-2000x1428.jpg 2000w\" sizes=\"auto, (max-width: 1024px) 100vw, 1024px\" \/><\/figure>\n<\/div>\n\n\n\n<div class=\"wp-block-column is-vertically-aligned-center is-layout-flow wp-block-column-is-layout-flow\">\n<h2 class=\"wp-block-heading\">Projets en cours de R\u00e9alisation<\/h2>\n\n\n\n<p><\/p>\n\n\n\n<div class=\"wp-block-buttons is-layout-flex wp-block-buttons-is-layout-flex\">\n<div class=\"wp-block-button is-style-outline is-style-outline--2\"><a class=\"wp-block-button__link wp-element-button\" href=\"http:\/\/architecturespagnolo.com\/repertoire\/index.php\/gallery\/projets-en-cours\/\"><strong>Projets<\/strong><\/a><\/div>\n<\/div>\n\n\n\n<p><\/p>\n<\/div>\n<\/div>\n<\/div>\n\n\n\n<div class=\"wp-block-group alignfull has-background is-layout-flow wp-block-group-is-layout-flow\" style=\"background-color:#e5e9ec\">\n<div class=\"wp-block-columns are-vertically-aligned-center is-layout-flex wp-container-core-columns-is-layout-28f84493 wp-block-columns-is-layout-flex\">\n<div class=\"wp-block-column is-vertically-aligned-center is-layout-flow wp-block-column-is-layout-flow\">\n<h2 class=\"wp-block-heading has-text-align-right\">Projets de Marchands<\/h2>\n\n\n\n<p><\/p>\n\n\n\n<div class=\"wp-block-buttons is-horizontal is-content-justification-right is-layout-flex wp-container-core-buttons-is-layout-30af2ff6 wp-block-buttons-is-layout-flex\">\n<div class=\"wp-block-button is-style-outline is-style-outline--3\"><a class=\"wp-block-button__link wp-element-button\" href=\"http:\/\/architecturespagnolo.com\/repertoire\/index.php\/gallery\/projets-de-marchands\/\"><strong>Projets<\/strong><\/a><\/div>\n<\/div>\n\n\n\n<p><\/p>\n<\/div>\n\n\n\n<div class=\"wp-block-column is-vertically-aligned-center is-layout-flow wp-block-column-is-layout-flow\">\n<figure class=\"wp-block-image size-large\"><img loading=\"lazy\" decoding=\"async\" width=\"1024\" height=\"720\" src=\"http:\/\/architecturespagnolo.com\/repertoire\/wp-content\/uploads\/2022\/02\/Projets-marchands-1024x720.jpg\" alt=\"\" class=\"wp-image-235\" srcset=\"http:\/\/architecturespagnolo.com\/repertoire\/wp-content\/uploads\/2022\/02\/Projets-marchands-1024x720.jpg 1024w, http:\/\/architecturespagnolo.com\/repertoire\/wp-content\/uploads\/2022\/02\/Projets-marchands-300x211.jpg 300w, http:\/\/architecturespagnolo.com\/repertoire\/wp-content\/uploads\/2022\/02\/Projets-marchands-768x540.jpg 768w, http:\/\/architecturespagnolo.com\/repertoire\/wp-content\/uploads\/2022\/02\/Projets-marchands-1536x1080.jpg 1536w, http:\/\/architecturespagnolo.com\/repertoire\/wp-content\/uploads\/2022\/02\/Projets-marchands-2048x1440.jpg 2048w, http:\/\/architecturespagnolo.com\/repertoire\/wp-content\/uploads\/2022\/02\/Projets-marchands-2000x1407.jpg 2000w\" sizes=\"auto, (max-width: 1024px) 100vw, 1024px\" \/><\/figure>\n<\/div>\n<\/div>\n<\/div>\n\n\n\n<div class=\"wp-block-group alignfull is-layout-flow wp-block-group-is-layout-flow\">\n<div class=\"wp-block-columns is-layout-flex wp-container-core-columns-is-layout-28f84493 wp-block-columns-is-layout-flex\">\n<div class=\"wp-block-column is-layout-flow wp-block-column-is-layout-flow\">\n<figure class=\"wp-block-image size-large\"><img loading=\"lazy\" decoding=\"async\" width=\"1024\" height=\"724\" src=\"http:\/\/architecturespagnolo.com\/repertoire\/wp-content\/uploads\/2022\/02\/Projets-activite-1024x724.jpg\" alt=\"\" class=\"wp-image-237\" srcset=\"http:\/\/architecturespagnolo.com\/repertoire\/wp-content\/uploads\/2022\/02\/Projets-activite-1024x724.jpg 1024w, http:\/\/architecturespagnolo.com\/repertoire\/wp-content\/uploads\/2022\/02\/Projets-activite-300x212.jpg 300w, http:\/\/architecturespagnolo.com\/repertoire\/wp-content\/uploads\/2022\/02\/Projets-activite-768x543.jpg 768w, http:\/\/architecturespagnolo.com\/repertoire\/wp-content\/uploads\/2022\/02\/Projets-activite-1536x1086.jpg 1536w, http:\/\/architecturespagnolo.com\/repertoire\/wp-content\/uploads\/2022\/02\/Projets-activite-2048x1449.jpg 2048w, http:\/\/architecturespagnolo.com\/repertoire\/wp-content\/uploads\/2022\/02\/Projets-activite-2000x1415.jpg 2000w\" sizes=\"auto, (max-width: 1024px) 100vw, 1024px\" \/><\/figure>\n<\/div>\n\n\n\n<div class=\"wp-block-column is-vertically-aligned-center is-layout-flow wp-block-column-is-layout-flow\">\n<h2 class=\"wp-block-heading\">Projets d&#8217;Activit\u00e9<\/h2>\n\n\n\n<p><\/p>\n\n\n\n<div class=\"wp-block-buttons is-layout-flex wp-block-buttons-is-layout-flex\">\n<div class=\"wp-block-button is-style-outline is-style-outline--4\"><a class=\"wp-block-button__link wp-element-button\" href=\"http:\/\/architecturespagnolo.com\/repertoire\/index.php\/gallery\/projets-dactivite\/\"><strong>Projets<\/strong><\/a><\/div>\n<\/div>\n\n\n\n<p><\/p>\n<\/div>\n<\/div>\n<\/div>\n\n\n\n<div class=\"wp-block-group alignfull has-background is-layout-flow wp-block-group-is-layout-flow\" style=\"background-color:#e5e9ec\">\n<div class=\"wp-block-columns is-layout-flex wp-container-core-columns-is-layout-28f84493 wp-block-columns-is-layout-flex\">\n<div class=\"wp-block-column is-vertically-aligned-center is-layout-flow wp-block-column-is-layout-flow\">\n<h2 class=\"wp-block-heading has-text-align-right\"><font dir=\"auto\" style=\"vertical-align: inherit;\"><font dir=\"auto\" style=\"vertical-align: inherit;\">Autres projets \/ Etudes<\/font><\/font><\/h2>\n\n\n\n<p><\/p>\n\n\n\n<div class=\"wp-block-buttons is-horizontal is-content-justification-right is-layout-flex wp-container-core-buttons-is-layout-30af2ff6 wp-block-buttons-is-layout-flex\">\n<div class=\"wp-block-button is-style-outline is-style-outline--5\"><a class=\"wp-block-button__link wp-element-button\" href=\"http:\/\/architecturespagnolo.com\/repertoire\/index.php\/autres-projets\/\"><strong>Projets<\/strong><\/a><\/div>\n<\/div>\n\n\n\n<p><\/p>\n<\/div>\n\n\n\n<div class=\"wp-block-column is-vertically-aligned-center is-layout-flow wp-block-column-is-layout-flow\">\n<figure class=\"wp-block-image size-large\"><img loading=\"lazy\" decoding=\"async\" width=\"1024\" height=\"713\" src=\"http:\/\/architecturespagnolo.com\/repertoire\/wp-content\/uploads\/2022\/02\/Autres-projets-1024x713.jpg\" alt=\"\" class=\"wp-image-239\" srcset=\"http:\/\/architecturespagnolo.com\/repertoire\/wp-content\/uploads\/2022\/02\/Autres-projets-1024x713.jpg 1024w, http:\/\/architecturespagnolo.com\/repertoire\/wp-content\/uploads\/2022\/02\/Autres-projets-300x209.jpg 300w, http:\/\/architecturespagnolo.com\/repertoire\/wp-content\/uploads\/2022\/02\/Autres-projets-768x535.jpg 768w, http:\/\/architecturespagnolo.com\/repertoire\/wp-content\/uploads\/2022\/02\/Autres-projets-1536x1070.jpg 1536w, http:\/\/architecturespagnolo.com\/repertoire\/wp-content\/uploads\/2022\/02\/Autres-projets-2048x1426.jpg 2048w, http:\/\/architecturespagnolo.com\/repertoire\/wp-content\/uploads\/2022\/02\/Autres-projets-2000x1393.jpg 2000w\" sizes=\"auto, (max-width: 1024px) 100vw, 1024px\" \/><\/figure>\n<\/div>\n<\/div>\n<\/div>\n\n\n\n<div class=\"wp-block-cover alignfull is-light has-parallax is-position-center-center\" style=\"min-height:375px;aspect-ratio:unset;\"><div class=\"wp-block-cover__image-background wp-image-24 has-parallax\" style=\"background-position:50% 50%;background-image:url(https:\/\/demo.wpzoom.com\/wp-content\/themes\/inspiro-lite\/assets\/images\/StockSnap_89BQZ89TLH.jpg)\"><\/div><span aria-hidden=\"true\" class=\"wp-block-cover__background has-black-background-color has-background-dim-40 has-background-dim\"><\/span><div class=\"wp-block-cover__inner-container is-layout-flow wp-block-cover-is-layout-flow\">\n<p class=\"has-text-align-center has-text-color has-huge-font-size\" style=\"color:#fffffa;line-height:1.1\"><strong>Informations<\/strong><\/p>\n\n\n\n<p><\/p>\n\n\n\n<div style=\"height:39px\" aria-hidden=\"true\" class=\"wp-block-spacer\"><\/div>\n\n\n\n<div class=\"wp-block-buttons is-horizontal is-content-justification-center is-layout-flex wp-container-core-buttons-is-layout-03627597 wp-block-buttons-is-layout-flex\">\n<div class=\"wp-block-button is-style-outline is-style-outline--6\"><a class=\"wp-block-button__link has-white-color has-text-color wp-element-button\" href=\"http:\/\/architecturespagnolo.com\/repertoire\/index.php\/contact\/\">Contactez nous<\/a><\/div>\n<\/div>\n\n\n\n<p><\/p>\n<\/div><\/div>\n","protected":false},"excerpt":{"rendered":"<p>L&#8217;agence d&#8217;Architecture SPAGNOLO (A2S), situ\u00e9e \u00e0 Cagnes sur Mer, est une \u00e9quipe pluridisciplinaire compos\u00e9e d&#8217;Architectes, Ing\u00e9nieurs, Economistes, Dessinateurs et Gestionnaires Le Mot de l\u2019Agence&nbsp;:&nbsp; \u00abNotre m\u00e9tier sur la c\u00f4te d\u2019Azur est celui d\u2019hommes et de femmes de terrain. Notre Expression Architecturale est assujettie \u00e0 diverses contraintes \u00e9conomiques, topographiques et administratives qui viennent brider notre sensibilit\u00e9 &hellip; <\/p>\n<p class=\"link-more\"><a href=\"http:\/\/architecturespagnolo.com\/repertoire\/\" class=\"more-link\">Read more<span class=\"screen-reader-text\"> &#8220;&#8221;<\/span><\/a><\/p>\n","protected":false},"author":1,"featured_media":0,"parent":0,"menu_order":0,"comment_status":"closed","ping_status":"open","template":"","meta":{"_monsterinsights_skip_tracking":false,"_monsterinsights_sitenote_active":false,"_monsterinsights_sitenote_note":"","_monsterinsights_sitenote_category":0,"footnotes":""},"class_list":["post-2","page","type-page","status-publish","hentry"],"_links":{"self":[{"href":"http:\/\/architecturespagnolo.com\/repertoire\/index.php\/wp-json\/wp\/v2\/pages\/2","targetHints":{"allow":["GET"]}}],"collection":[{"href":"http:\/\/architecturespagnolo.com\/repertoire\/index.php\/wp-json\/wp\/v2\/pages"}],"about":[{"href":"http:\/\/architecturespagnolo.com\/repertoire\/index.php\/wp-json\/wp\/v2\/types\/page"}],"author":[{"embeddable":true,"href":"http:\/\/architecturespagnolo.com\/repertoire\/index.php\/wp-json\/wp\/v2\/users\/1"}],"replies":[{"embeddable":true,"href":"http:\/\/architecturespagnolo.com\/repertoire\/index.php\/wp-json\/wp\/v2\/comments?post=2"}],"version-history":[{"count":36,"href":"http:\/\/architecturespagnolo.com\/repertoire\/index.php\/wp-json\/wp\/v2\/pages\/2\/revisions"}],"predecessor-version":[{"id":475,"href":"http:\/\/architecturespagnolo.com\/repertoire\/index.php\/wp-json\/wp\/v2\/pages\/2\/revisions\/475"}],"wp:attachment":[{"href":"http:\/\/architecturespagnolo.com\/repertoire\/index.php\/wp-json\/wp\/v2\/media?parent=2"}],"curies":[{"name":"wp","href":"https:\/\/api.w.org\/{rel}","templated":true}]}}