{"id":353,"date":"2025-12-19T14:56:18","date_gmt":"2025-12-19T13:56:18","guid":{"rendered":"http:\/\/architecturespagnolo.com\/repertoire\/?page_id=353"},"modified":"2025-12-23T15:16:05","modified_gmt":"2025-12-23T14:16:05","slug":"actualites","status":"publish","type":"page","link":"http:\/\/architecturespagnolo.com\/repertoire\/index.php\/actualites\/","title":{"rendered":"Actualit\u00e9s"},"content":{"rendered":"\n<hr class=\"wp-block-separator has-alpha-channel-opacity is-style-wide\"\/>\n\n\n\n<h2 class=\"wp-block-heading\">Troph\u00e9es des trois Diamants<\/h2>\n\n\n\n<p>27\/11\/2025 &#8211; Paris<\/p>\n\n\n\n<div class=\"wp-block-columns is-layout-flex wp-container-core-columns-is-layout-28f84493 wp-block-columns-is-layout-flex\">\n<div class=\"wp-block-column is-layout-flow wp-block-column-is-layout-flow\" style=\"flex-basis:66.66%\">\n<div class=\"wp-block-media-text is-stacked-on-mobile is-vertically-aligned-center\" style=\"grid-template-columns:48% auto\"><figure class=\"wp-block-media-text__media\"><img loading=\"lazy\" decoding=\"async\" width=\"927\" height=\"1024\" src=\"http:\/\/architecturespagnolo.com\/repertoire\/wp-content\/uploads\/2025\/12\/Mama-Shelter-927x1024.png\" alt=\"\" class=\"wp-image-359 size-full\" srcset=\"http:\/\/architecturespagnolo.com\/repertoire\/wp-content\/uploads\/2025\/12\/Mama-Shelter-927x1024.png 927w, http:\/\/architecturespagnolo.com\/repertoire\/wp-content\/uploads\/2025\/12\/Mama-Shelter-272x300.png 272w, http:\/\/architecturespagnolo.com\/repertoire\/wp-content\/uploads\/2025\/12\/Mama-Shelter.png 1654w\" sizes=\"auto, (max-width: 927px) 100vw, 927px\" \/><\/figure><div class=\"wp-block-media-text__content\">\n<p>\u2728 <strong>Un immense honneur pour notre agence !<\/strong> \u2728<\/p>\n\n\n\n<p><font dir=\"auto\" style=\"vertical-align: inherit;\"><font dir=\"auto\" style=\"vertical-align: inherit;\">Jeudi 27 novembre 2025, lors de la remise des prix des <\/font><\/font><strong><font dir=\"auto\" style=\"vertical-align: inherit;\"><font dir=\"auto\" style=\"vertical-align: inherit;\">Troph\u00e9es des Trois Diamants<\/font><\/font><\/strong><font dir=\"auto\" style=\"vertical-align: inherit;\"><font dir=\"auto\" style=\"vertical-align: inherit;\">,<\/font><\/font><font dir=\"auto\" style=\"vertical-align: inherit;\"><font dir=\"auto\" style=\"vertical-align: inherit;\"> organis\u00e9e par <\/font><\/font><strong><font dir=\"auto\" style=\"vertical-align: inherit;\"><font dir=\"auto\" style=\"vertical-align: inherit;\">Mitsubishi Electric<\/font><\/font><\/strong><font dir=\"auto\" style=\"vertical-align: inherit;\"><font dir=\"auto\" style=\"vertical-align: inherit;\"> \u00e0 la <\/font><\/font><font dir=\"auto\" style=\"vertical-align: inherit;\"><font dir=\"auto\" style=\"vertical-align: inherit;\"><b>Samaritaine \u00e0 Paris<\/b>, <\/font><\/font><strong><font dir=\"auto\" style=\"vertical-align: inherit;\"><font dir=\"auto\" style=\"vertical-align: inherit;\">l&#8217;Agence d&#8217;Architecture Spagnolo<\/font><\/font><\/strong><font dir=\"auto\" style=\"vertical-align: inherit;\"><font dir=\"auto\" style=\"vertical-align: inherit;\">, <\/font><\/font><font dir=\"auto\" style=\"vertical-align: inherit;\"><font dir=\"auto\" style=\"vertical-align: inherit;\">en collaboration avec notre bureau d&#8217;\u00e9tudes partenaire <\/font><\/font><strong><font dir=\"auto\" style=\"vertical-align: inherit;\"><font dir=\"auto\" style=\"vertical-align: inherit;\">ENERBAT<\/font><\/font><\/strong><font dir=\"auto\" style=\"vertical-align: inherit;\"><font dir=\"auto\" style=\"vertical-align: inherit;\">,<\/font><\/font><font dir=\"auto\" style=\"vertical-align: inherit;\"><font dir=\"auto\" style=\"vertical-align: inherit;\"> a eu l&#8217;immense plaisir de recevoir le prix du <\/font><\/font><strong><font dir=\"auto\" style=\"vertical-align: inherit;\"><font dir=\"auto\" style=\"vertical-align: inherit;\">Coup de C\u0153ur du jury<\/font><\/font><\/strong><font dir=\"auto\" style=\"vertical-align: inherit;\"><font dir=\"auto\" style=\"vertical-align: inherit;\"> .<\/font><\/font><\/p>\n\n\n\n<p><font dir=\"auto\" style=\"vertical-align: inherit;\"><font dir=\"auto\" style=\"vertical-align: inherit;\">\ud83c\udfc6 <\/font><\/font><strong><font dir=\"auto\" style=\"vertical-align: inherit;\"><font dir=\"auto\" style=\"vertical-align: inherit;\">Projet r\u00e9compens\u00e9 : l&#8217;h\u00f4tel Mama Shelter \u00e0 Nice<\/font><\/font><\/strong><\/p>\n\n\n\n<p><font dir=\"auto\" style=\"vertical-align: inherit;\"><font dir=\"auto\" style=\"vertical-align: inherit;\">Ce concours met \u00e0 l&#8217;honneur les projets tertiaires qui se distinguent par leur <\/font><\/font><strong><font dir=\"auto\" style=\"vertical-align: inherit;\"><font dir=\"auto\" style=\"vertical-align: inherit;\">performance \u00e9nerg\u00e9tique<\/font><\/font><\/strong><font dir=\"auto\" style=\"vertical-align: inherit;\"><font dir=\"auto\" style=\"vertical-align: inherit;\">, leur <\/font><\/font><strong><font dir=\"auto\" style=\"vertical-align: inherit;\"><font dir=\"auto\" style=\"vertical-align: inherit;\">innovation<\/font><\/font><\/strong><font dir=\"auto\" style=\"vertical-align: inherit;\"><font dir=\"auto\" style=\"vertical-align: inherit;\">, leur <\/font><\/font><strong><font dir=\"auto\" style=\"vertical-align: inherit;\"><font dir=\"auto\" style=\"vertical-align: inherit;\">design<\/font><\/font><\/strong><font dir=\"auto\" style=\"vertical-align: inherit;\"><font dir=\"auto\" style=\"vertical-align: inherit;\"> ainsi que par le <\/font><\/font><strong><font dir=\"auto\" style=\"vertical-align: inherit;\"><font dir=\"auto\" style=\"vertical-align: inherit;\">bien-\u00eatre des occupants<\/font><\/font><\/strong><font dir=\"auto\" style=\"vertical-align: inherit;\"><font dir=\"auto\" style=\"vertical-align: inherit;\"> .<\/font><\/font><\/p>\n\n\n\n<p><font dir=\"auto\" style=\"vertical-align: inherit;\"><font dir=\"auto\" style=\"vertical-align: inherit;\"><font dir=\"auto\" style=\"vertical-align: inherit;\"><font dir=\"auto\" style=\"vertical-align: inherit;\">Nous sommes fiers que notre d\u00e9marche et notre engagement seront toujours reconnus \u00e0 travers ce projet embl\u00e9matique. Merci au jury pour cette distinction et bravo \u00e0 toutes les \u00e9quipes mobilis\u00e9es !<\/font><\/font><\/font><\/font><\/p>\n<\/div><\/div>\n<\/div>\n\n\n\n<div class=\"wp-block-column is-vertically-aligned-center is-layout-flow wp-block-column-is-layout-flow\" style=\"flex-basis:33.33%\">\n<figure class=\"wp-block-image alignleft size-full is-resized\"><img loading=\"lazy\" decoding=\"async\" width=\"480\" height=\"640\" src=\"http:\/\/architecturespagnolo.com\/repertoire\/wp-content\/uploads\/2025\/12\/IMG_7167-2-rotated.jpg\" alt=\"\" class=\"wp-image-363\" style=\"aspect-ratio:0.7500157937961969;width:394px;height:auto\" srcset=\"http:\/\/architecturespagnolo.com\/repertoire\/wp-content\/uploads\/2025\/12\/IMG_7167-2-rotated.jpg 480w, http:\/\/architecturespagnolo.com\/repertoire\/wp-content\/uploads\/2025\/12\/IMG_7167-2-225x300.jpg 225w\" sizes=\"auto, (max-width: 480px) 100vw, 480px\" \/><\/figure>\n<\/div>\n<\/div>\n\n\n\n<hr class=\"wp-block-separator has-alpha-channel-opacity is-style-wide\"\/>\n\n\n\n<h2 class=\"wp-block-heading\">Pyramide d&#8217;Agent<\/h2>\n\n\n\n<p>Novembre 2024<\/p>\n\n\n\n<div class=\"wp-block-columns is-layout-flex wp-container-core-columns-is-layout-28f84493 wp-block-columns-is-layout-flex\">\n<div class=\"wp-block-column is-layout-flow wp-block-column-is-layout-flow\" style=\"flex-basis:66.66%\">\n<div class=\"wp-block-media-text is-stacked-on-mobile is-vertically-aligned-center\" style=\"grid-template-columns:47% auto\"><figure class=\"wp-block-media-text__media\"><img loading=\"lazy\" decoding=\"async\" width=\"1024\" height=\"768\" src=\"http:\/\/architecturespagnolo.com\/repertoire\/wp-content\/uploads\/2025\/12\/Photo-Pyramide-dargent-1024x768.jpg\" alt=\"\" class=\"wp-image-384 size-full\" srcset=\"http:\/\/architecturespagnolo.com\/repertoire\/wp-content\/uploads\/2025\/12\/Photo-Pyramide-dargent-1024x768.jpg 1024w, http:\/\/architecturespagnolo.com\/repertoire\/wp-content\/uploads\/2025\/12\/Photo-Pyramide-dargent-300x225.jpg 300w, http:\/\/architecturespagnolo.com\/repertoire\/wp-content\/uploads\/2025\/12\/Photo-Pyramide-dargent-2000x1500.jpg 2000w, http:\/\/architecturespagnolo.com\/repertoire\/wp-content\/uploads\/2025\/12\/Photo-Pyramide-dargent.jpg 2016w\" sizes=\"auto, (max-width: 1024px) 100vw, 1024px\" \/><\/figure><div class=\"wp-block-media-text__content\">\n<p>\u2728<strong>1er prix Pyramide d&#8217;Argent de la C\u00f4te d&#8217;Azur<\/strong>\u2728<\/p>\n\n\n\n<p>Cat\u00e9gorie R\u00e9novation, Extension, R\u00e9habilitation<\/p>\n\n\n\n<p><font dir=\"auto\" style=\"vertical-align: inherit;\"><font dir=\"auto\" style=\"vertical-align: inherit;\"><font dir=\"auto\" style=\"vertical-align: inherit;\"><font dir=\"auto\" style=\"vertical-align: inherit;\">Attribu\u00e9 au programme<strong> &#8220;Les Voiles du Golfe&#8221;<\/strong> \u00e0 Golfe Juan du promoteur <strong>Azur R\u00e9alisation <\/strong>con\u00e7ue par l&#8217; <\/font><\/font><strong><font dir=\"auto\" style=\"vertical-align: inherit;\"><font dir=\"auto\" style=\"vertical-align: inherit;\">Agence d&#8217;Architecture Spagnolo.<\/font><\/font><\/strong><\/font><\/font><\/p>\n\n\n\n<p><font dir=\"auto\" style=\"vertical-align: inherit;\"><font dir=\"auto\" style=\"vertical-align: inherit;\">La r\u00e9sidence propose une architecture contemporaine aux lignes modernes et \u00e9pur\u00e9es avec des espaces de vies agr\u00e9ables. Pens\u00e9e pour assurer une insertion harmonieuse dans son environnement naturel, Les Voiles de Golfe vous offrent les plus beaux panoramas avec vue mer. <\/font><\/font><br><font dir=\"auto\" style=\"vertical-align: inherit;\"><font dir=\"auto\" style=\"vertical-align: inherit;\">R\u00e9sidence intimiste de 12 logements id\u00e9alement agenc\u00e9s et b\u00e9n\u00e9ficiant de tr\u00e8s belles surfaces avec une vue d\u00e9gag\u00e9e sur la mer.<\/font><\/font><\/p>\n<\/div><\/div>\n<\/div>\n\n\n\n<div class=\"wp-block-column is-vertically-aligned-center is-layout-flow wp-block-column-is-layout-flow\" style=\"flex-basis:33.33%\">\n<figure class=\"wp-block-image size-large is-resized\"><img loading=\"lazy\" decoding=\"async\" width=\"1024\" height=\"714\" src=\"http:\/\/architecturespagnolo.com\/repertoire\/wp-content\/uploads\/2025\/12\/Voiles-du-golfe-scaled-e1766152433937-1024x714.jpg\" alt=\"\" class=\"wp-image-385\" style=\"aspect-ratio:1.4341758148242703;width:511px;height:auto\"\/><\/figure>\n<\/div>\n<\/div>\n\n\n\n<hr class=\"wp-block-separator has-alpha-channel-opacity is-style-wide\"\/>\n\n\n\n<p><\/p>\n","protected":false},"excerpt":{"rendered":"<p>Troph\u00e9es des trois Diamants 27\/11\/2025 &#8211; Paris \u2728 Un immense honneur pour notre agence ! \u2728 Jeudi 27 novembre 2025, lors de la remise des prix des Troph\u00e9es des Trois Diamants, organis\u00e9e par Mitsubishi Electric \u00e0 la Samaritaine \u00e0 Paris, l&#8217;Agence d&#8217;Architecture Spagnolo, en collaboration avec notre bureau d&#8217;\u00e9tudes partenaire ENERBAT, a eu l&#8217;immense plaisir &hellip; <\/p>\n<p class=\"link-more\"><a href=\"http:\/\/architecturespagnolo.com\/repertoire\/index.php\/actualites\/\" class=\"more-link\">Read more<span class=\"screen-reader-text\"> &#8220;Actualit\u00e9s&#8221;<\/span><\/a><\/p>\n","protected":false},"author":1,"featured_media":0,"parent":0,"menu_order":0,"comment_status":"closed","ping_status":"closed","template":"","meta":{"_monsterinsights_skip_tracking":false,"_monsterinsights_sitenote_active":false,"_monsterinsights_sitenote_note":"","_monsterinsights_sitenote_category":0,"footnotes":""},"class_list":["post-353","page","type-page","status-publish","hentry"],"_links":{"self":[{"href":"http:\/\/architecturespagnolo.com\/repertoire\/index.php\/wp-json\/wp\/v2\/pages\/353","targetHints":{"allow":["GET"]}}],"collection":[{"href":"http:\/\/architecturespagnolo.com\/repertoire\/index.php\/wp-json\/wp\/v2\/pages"}],"about":[{"href":"http:\/\/architecturespagnolo.com\/repertoire\/index.php\/wp-json\/wp\/v2\/types\/page"}],"author":[{"embeddable":true,"href":"http:\/\/architecturespagnolo.com\/repertoire\/index.php\/wp-json\/wp\/v2\/users\/1"}],"replies":[{"embeddable":true,"href":"http:\/\/architecturespagnolo.com\/repertoire\/index.php\/wp-json\/wp\/v2\/comments?post=353"}],"version-history":[{"count":27,"href":"http:\/\/architecturespagnolo.com\/repertoire\/index.php\/wp-json\/wp\/v2\/pages\/353\/revisions"}],"predecessor-version":[{"id":428,"href":"http:\/\/architecturespagnolo.com\/repertoire\/index.php\/wp-json\/wp\/v2\/pages\/353\/revisions\/428"}],"wp:attachment":[{"href":"http:\/\/architecturespagnolo.com\/repertoire\/index.php\/wp-json\/wp\/v2\/media?parent=353"}],"curies":[{"name":"wp","href":"https:\/\/api.w.org\/{rel}","templated":true}]}}