{"id":355,"date":"2025-12-19T15:07:40","date_gmt":"2025-12-19T14:07:40","guid":{"rendered":"http:\/\/architecturespagnolo.com\/repertoire\/?page_id=355"},"modified":"2025-12-19T15:16:26","modified_gmt":"2025-12-19T14:16:26","slug":"sponsor","status":"publish","type":"page","link":"http:\/\/architecturespagnolo.com\/repertoire\/index.php\/sponsor\/","title":{"rendered":"Sponsor"},"content":{"rendered":"\n<p>Chez <strong>A\u00b2S, <\/strong>nous croyons que l\u2019architecture se nourrit de rencontres, de strat\u00e9gie et d\u2019excellence.<br>C\u2019est pourquoi nous sommes fiers de soutenir deux clubs embl\u00e9matiques du territoire :<\/p>\n\n\n\n<div class=\"wp-block-columns is-layout-flex wp-container-core-columns-is-layout-28f84493 wp-block-columns-is-layout-flex\">\n<div class=\"wp-block-column is-layout-flow wp-block-column-is-layout-flow\" style=\"flex-basis:66.66%\">\n<div class=\"wp-block-media-text has-media-on-the-right is-stacked-on-mobile\"><div class=\"wp-block-media-text__content\">\n<p>\u2660\ufe0f <strong>Riviera Poker Club<\/strong>, un univers o\u00f9 r\u00e9flexion, ma\u00eetrise et vision \u00e0 long terme sont essentielles.<br><br><\/p>\n<\/div><figure class=\"wp-block-media-text__media\"><img loading=\"lazy\" decoding=\"async\" width=\"814\" height=\"137\" src=\"http:\/\/architecturespagnolo.com\/repertoire\/wp-content\/uploads\/2025\/12\/Logo-Riviera-Poker-Club-1.png\" alt=\"\" class=\"wp-image-376 size-full\" srcset=\"http:\/\/architecturespagnolo.com\/repertoire\/wp-content\/uploads\/2025\/12\/Logo-Riviera-Poker-Club-1.png 814w, http:\/\/architecturespagnolo.com\/repertoire\/wp-content\/uploads\/2025\/12\/Logo-Riviera-Poker-Club-1-300x50.png 300w\" sizes=\"auto, (max-width: 814px) 100vw, 814px\" \/><\/figure><\/div>\n<\/div>\n<\/div>\n\n\n\n<div class=\"wp-block-columns is-layout-flex wp-container-core-columns-is-layout-28f84493 wp-block-columns-is-layout-flex\">\n<div class=\"wp-block-column is-layout-flow wp-block-column-is-layout-flow\" style=\"flex-basis:66.66%\">\n<div class=\"wp-block-media-text has-media-on-the-right is-stacked-on-mobile\" style=\"grid-template-columns:auto 48%\"><div class=\"wp-block-media-text__content\">\n<p><font dir=\"auto\" style=\"vertical-align: inherit;\"><font dir=\"auto\" style=\"vertical-align: inherit;\">\u26f3 <\/font><\/font><strong><font dir=\"auto\" style=\"vertical-align: inherit;\"><font dir=\"auto\" style=\"vertical-align: inherit;\">Golf Country Club de Nice<\/font><\/font><\/strong><font dir=\"auto\" style=\"vertical-align: inherit;\"><font dir=\"auto\" style=\"vertical-align: inherit;\"> , un lieu d&#8217;\u00e9l\u00e9gance, de pr\u00e9cision et de convivialit\u00e9.<\/font><\/font><br><\/p>\n\n\n\n<figure class=\"wp-block-image alignright size-full is-resized\"><img loading=\"lazy\" decoding=\"async\" width=\"480\" height=\"640\" src=\"http:\/\/architecturespagnolo.com\/repertoire\/wp-content\/uploads\/2025\/12\/IMG_7435-rotated.jpg\" alt=\"\" class=\"wp-image-378\" style=\"aspect-ratio:0.750013080102548;width:251px;height:auto\" srcset=\"http:\/\/architecturespagnolo.com\/repertoire\/wp-content\/uploads\/2025\/12\/IMG_7435-rotated.jpg 480w, http:\/\/architecturespagnolo.com\/repertoire\/wp-content\/uploads\/2025\/12\/IMG_7435-225x300.jpg 225w\" sizes=\"auto, (max-width: 480px) 100vw, 480px\" \/><\/figure>\n<\/div><figure class=\"wp-block-media-text__media\"><img loading=\"lazy\" decoding=\"async\" width=\"480\" height=\"399\" src=\"http:\/\/architecturespagnolo.com\/repertoire\/wp-content\/uploads\/2025\/12\/IMG_7438-1-rotated-e1766133384584.jpg\" alt=\"\" class=\"wp-image-377 size-full\" srcset=\"http:\/\/architecturespagnolo.com\/repertoire\/wp-content\/uploads\/2025\/12\/IMG_7438-1-rotated-e1766133384584.jpg 480w, http:\/\/architecturespagnolo.com\/repertoire\/wp-content\/uploads\/2025\/12\/IMG_7438-1-rotated-e1766133384584-300x249.jpg 300w, http:\/\/architecturespagnolo.com\/repertoire\/wp-content\/uploads\/2025\/12\/IMG_7438-1-rotated-e1766133384584-100x83.jpg 100w\" sizes=\"auto, (max-width: 480px) 100vw, 480px\" \/><\/figure><\/div>\n<\/div>\n<\/div>\n\n\n\n<p>Deux disciplines diff\u00e9rentes, mais des valeurs communes que nous partageons au quotidien dans notre m\u00e9tier : rigueur, anticipation et passion.<br>Merci \u00e0 ces clubs pour leur confiance \ud83e\udd1d<\/p>\n\n\n\n<p><\/p>\n","protected":false},"excerpt":{"rendered":"<p>Chez A\u00b2S, nous croyons que l\u2019architecture se nourrit de rencontres, de strat\u00e9gie et d\u2019excellence.C\u2019est pourquoi nous sommes fiers de soutenir deux clubs embl\u00e9matiques du territoire : \u2660\ufe0f Riviera Poker Club, un univers o\u00f9 r\u00e9flexion, ma\u00eetrise et vision \u00e0 long terme sont essentielles. \u26f3 Golf Country Club de Nice , un lieu d&#8217;\u00e9l\u00e9gance, de pr\u00e9cision et &hellip; <\/p>\n<p class=\"link-more\"><a href=\"http:\/\/architecturespagnolo.com\/repertoire\/index.php\/sponsor\/\" class=\"more-link\">Read more<span class=\"screen-reader-text\"> &#8220;Sponsor&#8221;<\/span><\/a><\/p>\n","protected":false},"author":1,"featured_media":0,"parent":0,"menu_order":0,"comment_status":"closed","ping_status":"closed","template":"","meta":{"_monsterinsights_skip_tracking":false,"_monsterinsights_sitenote_active":false,"_monsterinsights_sitenote_note":"","_monsterinsights_sitenote_category":0,"footnotes":""},"class_list":["post-355","page","type-page","status-publish","hentry"],"_links":{"self":[{"href":"http:\/\/architecturespagnolo.com\/repertoire\/index.php\/wp-json\/wp\/v2\/pages\/355","targetHints":{"allow":["GET"]}}],"collection":[{"href":"http:\/\/architecturespagnolo.com\/repertoire\/index.php\/wp-json\/wp\/v2\/pages"}],"about":[{"href":"http:\/\/architecturespagnolo.com\/repertoire\/index.php\/wp-json\/wp\/v2\/types\/page"}],"author":[{"embeddable":true,"href":"http:\/\/architecturespagnolo.com\/repertoire\/index.php\/wp-json\/wp\/v2\/users\/1"}],"replies":[{"embeddable":true,"href":"http:\/\/architecturespagnolo.com\/repertoire\/index.php\/wp-json\/wp\/v2\/comments?post=355"}],"version-history":[{"count":3,"href":"http:\/\/architecturespagnolo.com\/repertoire\/index.php\/wp-json\/wp\/v2\/pages\/355\/revisions"}],"predecessor-version":[{"id":391,"href":"http:\/\/architecturespagnolo.com\/repertoire\/index.php\/wp-json\/wp\/v2\/pages\/355\/revisions\/391"}],"wp:attachment":[{"href":"http:\/\/architecturespagnolo.com\/repertoire\/index.php\/wp-json\/wp\/v2\/media?parent=355"}],"curies":[{"name":"wp","href":"https:\/\/api.w.org\/{rel}","templated":true}]}}